{"id":1721,"date":"2021-04-29T16:51:37","date_gmt":"2021-04-29T14:51:37","guid":{"rendered":"https:\/\/www.rosenberggard.se\/how-to-find-us\/"},"modified":"2021-04-29T16:51:38","modified_gmt":"2021-04-29T14:51:38","slug":"how-to-find-us","status":"publish","type":"page","link":"https:\/\/www.rosenberggard.se\/en\/how-to-find-us\/","title":{"rendered":"How to find us"},"content":{"rendered":"<p>[et_pb_section fb_built=&#8221;1&#8243; custom_padding_last_edited=&#8221;on|phone&#8221; _builder_version=&#8221;4.9.2&#8243; _module_preset=&#8221;default&#8221; background_color=&#8221;#FFFFFF&#8221; background_image=&#8221;http:\/\/media2.dev.creativemill.se\/2021\/03\/rosenberg-gard-hastryggen.jpg&#8221; background_blend=&#8221;multiply&#8221; min_height=&#8221;800px&#8221; custom_padding_tablet=&#8221;&#8221; custom_padding_phone=&#8221;|20px||20px|false|false&#8221; background_last_edited=&#8221;on|phone&#8221;][et_pb_row custom_padding_last_edited=&#8221;on|tablet&#8221; _builder_version=&#8221;4.9.2&#8243; _module_preset=&#8221;default&#8221; background_color=&#8221;rgba(8,91,166,0.78)&#8221; background_blend=&#8221;multiply&#8221; width_tablet=&#8221;&#8221; width_phone=&#8221;100%&#8221; width_last_edited=&#8221;on|desktop&#8221; max_width=&#8221;620px&#8221; max_width_tablet=&#8221;&#8221; max_width_phone=&#8221;&#8221; max_width_last_edited=&#8221;on|phone&#8221; module_alignment=&#8221;center&#8221; custom_margin=&#8221;||||false|false&#8221; custom_padding=&#8221;40px|30px|60px|30px|false|false&#8221; custom_padding_tablet=&#8221;&#8221; custom_padding_phone=&#8221;|20px||20px|false|false&#8221;][et_pb_column type=&#8221;4_4&#8243; _builder_version=&#8221;4.9.1&#8243; _module_preset=&#8221;default&#8221;][et_pb_text _builder_version=&#8221;4.9.2&#8243; _module_preset=&#8221;default&#8221; header_text_align=&#8221;center&#8221; header_text_color=&#8221;#FFFFFF&#8221; header_font_size=&#8221;80px&#8221; header_line_height=&#8221;1.2em&#8221; width=&#8221;100%&#8221; max_width=&#8221;100%&#8221; module_alignment=&#8221;center&#8221; custom_margin_tablet=&#8221;&#8221; custom_margin_phone=&#8221;||0px||false|false&#8221; custom_margin_last_edited=&#8221;on|phone&#8221; custom_padding_tablet=&#8221;&#8221; custom_padding_phone=&#8221;&#8221; custom_padding_last_edited=&#8221;on|phone&#8221; header_font_size_tablet=&#8221;75px&#8221; header_font_size_phone=&#8221;50px&#8221; header_font_size_last_edited=&#8221;on|phone&#8221;]<\/p>\n<h1>How to find us<\/h1>\n<p>[\/et_pb_text][et_pb_text _builder_version=&#8221;4.9.2&#8243; _module_preset=&#8221;default&#8221; text_font=&#8221;|300|||||||&#8221; text_font_size=&#8221;25px&#8221; text_line_height=&#8221;1.3em&#8221; header_text_align=&#8221;center&#8221; header_text_color=&#8221;#FFFFFF&#8221; header_font_size=&#8221;85px&#8221; header_line_height=&#8221;1.2em&#8221; text_orientation=&#8221;center&#8221; background_layout=&#8221;dark&#8221; width=&#8221;100%&#8221; width_tablet=&#8221;&#8221; width_phone=&#8221;100%&#8221; width_last_edited=&#8221;on|phone&#8221; max_width=&#8221;100%&#8221; max_width_tablet=&#8221;&#8221; max_width_phone=&#8221;100%&#8221; max_width_last_edited=&#8221;on|tablet&#8221; module_alignment=&#8221;center&#8221; custom_padding=&#8221;|30px||30px|false|false&#8221; custom_padding_tablet=&#8221;&#8221; custom_padding_phone=&#8221;|0px||0px|false|false&#8221; custom_padding_last_edited=&#8221;on|desktop&#8221; header_font_size_tablet=&#8221;&#8221; header_font_size_phone=&#8221;59px&#8221; header_font_size_last_edited=&#8221;on|phone&#8221;]<\/p>\n<p class=\"p1\">Rosenberg is situated between Uppland and V\u00e4stmanland close to mainroad 70. The perfect place to sleep when you are heading towards Dalarna and up north.<\/p>\n<p>[\/et_pb_text][\/et_pb_column][\/et_pb_row][\/et_pb_section][et_pb_section fb_built=&#8221;1&#8243; custom_padding_last_edited=&#8221;off|desktop&#8221; _builder_version=&#8221;4.9.2&#8243; _module_preset=&#8221;default&#8221; background_color=&#8221;#1E3968&#8243; background_enable_image=&#8221;off&#8221; background_blend=&#8221;multiply&#8221; custom_margin=&#8221;||||false|false&#8221; custom_margin_phone=&#8221;||||false|false&#8221; custom_margin_last_edited=&#8221;off|desktop&#8221; custom_padding=&#8221;20px|20px|20px|20px|false|false&#8221; custom_padding_phone=&#8221;||0px||false|false&#8221; saved_tabs=&#8221;all&#8221;][et_pb_row column_structure=&#8221;1_3,1_3,1_3&#8243; use_custom_gutter=&#8221;on&#8221; make_equal=&#8221;on&#8221; _builder_version=&#8221;4.9.2&#8243; _module_preset=&#8221;default&#8221; width=&#8221;100%&#8221; width_tablet=&#8221;&#8221; width_phone=&#8221;&#8221; width_last_edited=&#8221;on|desktop&#8221;][et_pb_column type=&#8221;1_3&#8243; _builder_version=&#8221;4.9.2&#8243; _module_preset=&#8221;default&#8221; background_color=&#8221;RGBA(0,0,0,0)&#8221;][et_pb_text _builder_version=&#8221;4.9.2&#8243; _module_preset=&#8221;default&#8221; text_font=&#8221;|300|||||||&#8221; text_font_size=&#8221;20px&#8221; text_line_height=&#8221;1.5em&#8221; header_2_font_size=&#8221;30px&#8221; text_orientation=&#8221;center&#8221; background_layout=&#8221;dark&#8221; custom_padding=&#8221;||||false|false&#8221; text_font_size_tablet=&#8221;&#8221; text_font_size_phone=&#8221;&#8221; text_font_size_last_edited=&#8221;on|desktop&#8221;]<\/p>\n<h2>Address<\/h2>\n<p>Rosenberg Bennebo<br \/>733 93 Sala<\/p>\n<p>[\/et_pb_text][\/et_pb_column][et_pb_column type=&#8221;1_3&#8243; _builder_version=&#8221;4.9.2&#8243; _module_preset=&#8221;default&#8221; background_color=&#8221;RGBA(0,0,0,0)&#8221;][et_pb_text _builder_version=&#8221;4.9.2&#8243; _module_preset=&#8221;default&#8221; text_font=&#8221;|300|||||||&#8221; text_font_size=&#8221;20px&#8221; text_line_height=&#8221;1.5em&#8221; link_text_color=&#8221;#FFFFFF&#8221; header_2_font_size=&#8221;30px&#8221; text_orientation=&#8221;center&#8221; background_layout=&#8221;dark&#8221; custom_padding=&#8221;||||false|false&#8221; text_font_size_tablet=&#8221;&#8221; text_font_size_phone=&#8221;&#8221; text_font_size_last_edited=&#8221;on|desktop&#8221;]<\/p>\n<h2>Phone<\/h2>\n<p>0224-260 68<br \/>+46 (0)70-497 78 86<\/p>\n<p>[\/et_pb_text][\/et_pb_column][et_pb_column type=&#8221;1_3&#8243; _builder_version=&#8221;4.9.2&#8243; _module_preset=&#8221;default&#8221; background_color=&#8221;RGBA(0,0,0,0)&#8221;][et_pb_text _builder_version=&#8221;4.9.2&#8243; _module_preset=&#8221;default&#8221; text_font=&#8221;|300|||||||&#8221; text_font_size=&#8221;20px&#8221; text_line_height=&#8221;1.5em&#8221; link_text_color=&#8221;#FFFFFF&#8221; header_2_font_size=&#8221;30px&#8221; text_orientation=&#8221;center&#8221; background_layout=&#8221;dark&#8221; custom_padding=&#8221;||||false|false&#8221; text_font_size_tablet=&#8221;&#8221; text_font_size_phone=&#8221;&#8221; text_font_size_last_edited=&#8221;on|desktop&#8221;]<\/p>\n<h2>E-mail<\/h2>\n<p><a href=\"mailto:info@rosenberggard.se\" target=\"_blank\" rel=\"noopener\">info@rosenberggard.se<\/a><\/p>\n<p>[\/et_pb_text][\/et_pb_column][\/et_pb_row][\/et_pb_section][et_pb_section fb_built=&#8221;1&#8243; custom_padding_last_edited=&#8221;off|desktop&#8221; _builder_version=&#8221;4.9.2&#8243; _module_preset=&#8221;default&#8221; background_color=&#8221;#EDF5FD&#8221; background_enable_image=&#8221;off&#8221; background_blend=&#8221;multiply&#8221; custom_margin=&#8221;||||false|false&#8221; custom_margin_phone=&#8221;||||false|false&#8221; custom_margin_last_edited=&#8221;off|desktop&#8221; custom_padding=&#8221;||||false|false&#8221; custom_padding_phone=&#8221;||0px||false|false&#8221; saved_tabs=&#8221;all&#8221;][et_pb_row custom_padding_last_edited=&#8221;on|phone&#8221; _builder_version=&#8221;4.9.2&#8243; _module_preset=&#8221;default&#8221; max_width=&#8221;550px&#8221; max_width_tablet=&#8221;&#8221; max_width_phone=&#8221;&#8221; max_width_last_edited=&#8221;on|desktop&#8221; custom_padding_tablet=&#8221;&#8221; custom_padding_phone=&#8221;0px||0px||false|false&#8221;][et_pb_column type=&#8221;4_4&#8243; _builder_version=&#8221;4.9.1&#8243; _module_preset=&#8221;default&#8221;][et_pb_text _builder_version=&#8221;4.9.2&#8243; _module_preset=&#8221;default&#8221; header_text_align=&#8221;center&#8221; header_text_color=&#8221;#085BA6&#8243; header_font_size=&#8221;45px&#8221; header_line_height=&#8221;1.1em&#8221; custom_margin=&#8221;||0px||false|false&#8221;]<\/p>\n<h1 class=\"p1\">Road description<\/h1>\n<p>[\/et_pb_text][\/et_pb_column][\/et_pb_row][et_pb_row column_structure=&#8221;2_5,3_5&#8243; use_custom_gutter=&#8221;on&#8221; make_equal=&#8221;on&#8221; _builder_version=&#8221;4.9.2&#8243; _module_preset=&#8221;default&#8221; width=&#8221;100%&#8221; width_tablet=&#8221;&#8221; width_phone=&#8221;&#8221; width_last_edited=&#8221;on|desktop&#8221;][et_pb_column type=&#8221;2_5&#8243; _builder_version=&#8221;4.9.2&#8243; _module_preset=&#8221;default&#8221; background_color=&#8221;RGBA(0,0,0,0)&#8221;][et_pb_text _builder_version=&#8221;4.9.2&#8243; _module_preset=&#8221;default&#8221; text_font=&#8221;|300|||||||&#8221; text_text_color=&#8221;#333333&#8243; text_line_height=&#8221;1.5em&#8221; header_2_text_color=&#8221;#085BA6&#8243; header_2_font_size=&#8221;30px&#8221; background_layout=&#8221;dark&#8221; custom_margin=&#8221;||||false|false&#8221; custom_padding=&#8221;||20px||false|false&#8221; text_font_size_tablet=&#8221;&#8221; text_font_size_phone=&#8221;&#8221; text_font_size_last_edited=&#8221;on|tablet&#8221;]<\/p>\n<h2>From Enk\u00f6ping<\/h2>\n<p>From Enk\u00f6ping take <strong>mainroad 70<\/strong>towards Mora and Sala. After 26 km (close after the borderline) you will see a yellow sign with the text &#8220;L\u00f6t&#8221;. <strong>Do not turn where the sign points.<\/strong> Insted take a right turn to a gravel road surrounded with padocks. A sign with the text: Rosenberg Rum och Stuga.<\/p>\n<p>[\/et_pb_text][et_pb_text _builder_version=&#8221;4.9.2&#8243; _module_preset=&#8221;default&#8221; text_font=&#8221;|300|||||||&#8221; text_text_color=&#8221;#333333&#8243; text_line_height=&#8221;1.5em&#8221; header_2_text_color=&#8221;#085BA6&#8243; header_2_font_size=&#8221;30px&#8221; background_layout=&#8221;dark&#8221; custom_margin=&#8221;||||false|false&#8221; custom_padding=&#8221;||20px||false|false&#8221; text_font_size_tablet=&#8221;&#8221; text_font_size_phone=&#8221;&#8221; text_font_size_last_edited=&#8221;on|tablet&#8221;]<\/p>\n<h2>From Sala<\/h2>\n<p>From Sala take <strong>mainroad 70<\/strong> to Enk\u00f6ping. After 15 km short after the church &#8220;T\u00e4rna&#8221; you will see a yellow sign with the text &#8220;L\u00f6t&#8221; and also a black metal sign with a horse, where you shall <strong>turn left<\/strong>. A sign with the text: Rosenberg Rum och Stuga.<\/p>\n<p>[\/et_pb_text][et_pb_text _builder_version=&#8221;4.9.2&#8243; _module_preset=&#8221;default&#8221; text_font=&#8221;|300|||||||&#8221; text_text_color=&#8221;#333333&#8243; text_line_height=&#8221;1.5em&#8221; header_2_text_color=&#8221;#085BA6&#8243; header_2_font_size=&#8221;30px&#8221; background_layout=&#8221;dark&#8221; custom_margin=&#8221;||||false|false&#8221; custom_padding=&#8221;||20px||false|false&#8221; text_font_size_tablet=&#8221;&#8221; text_font_size_phone=&#8221;&#8221; text_font_size_last_edited=&#8221;on|tablet&#8221;]<\/p>\n<h2>By GPS<\/h2>\n<p>Write <em>B\u00e4nnebo Rosenberg 130 Sala<\/em>.<\/p>\n<p>[\/et_pb_text][\/et_pb_column][et_pb_column type=&#8221;3_5&#8243; _builder_version=&#8221;4.9.2&#8243; _module_preset=&#8221;default&#8221; background_color=&#8221;RGBA(0,0,0,0)&#8221;][et_pb_map address=&#8221;B\u00e4nnebo Rosenberg 130, 733 93 Sala Sweden, Sverige&#8221; address_lat=&#8221;59.817592&#8243; address_lng=&#8221;16.7815251&#8243; _builder_version=&#8221;4.9.2&#8243; _module_preset=&#8221;default&#8221;][et_pb_map_pin title=&#8221;Find your way to us&#8221; _builder_version=&#8221;4.9.2&#8243; _module_preset=&#8221;default&#8221; hover_enabled=&#8221;0&#8243; sticky_enabled=&#8221;0&#8243;][\/et_pb_map_pin][\/et_pb_map][\/et_pb_column][\/et_pb_row][\/et_pb_section]<\/p>\n","protected":false},"excerpt":{"rendered":"<p>How to find usRosenberg is situated between Uppland and V\u00e4stmanland close to mainroad 70. The perfect place to sleep when you are heading towards Dalarna and up north.Address Rosenberg Bennebo733 93 SalaPhone 0224-260 68+46 (0)70-497 78 86E-mail info@rosenberggard.seRoad descriptionFrom Enk\u00f6ping From Enk\u00f6ping take mainroad 70towards Mora and Sala. After 26 km (close after the borderline) [&hellip;]<\/p>\n","protected":false},"author":1,"featured_media":0,"parent":0,"menu_order":0,"comment_status":"closed","ping_status":"closed","template":"","meta":{"_et_pb_use_builder":"on","_et_pb_old_content":"","_et_gb_content_width":"","footnotes":""},"class_list":["post-1721","page","type-page","status-publish","hentry"],"_links":{"self":[{"href":"https:\/\/www.rosenberggard.se\/en\/wp-json\/wp\/v2\/pages\/1721","targetHints":{"allow":["GET"]}}],"collection":[{"href":"https:\/\/www.rosenberggard.se\/en\/wp-json\/wp\/v2\/pages"}],"about":[{"href":"https:\/\/www.rosenberggard.se\/en\/wp-json\/wp\/v2\/types\/page"}],"author":[{"embeddable":true,"href":"https:\/\/www.rosenberggard.se\/en\/wp-json\/wp\/v2\/users\/1"}],"replies":[{"embeddable":true,"href":"https:\/\/www.rosenberggard.se\/en\/wp-json\/wp\/v2\/comments?post=1721"}],"version-history":[{"count":5,"href":"https:\/\/www.rosenberggard.se\/en\/wp-json\/wp\/v2\/pages\/1721\/revisions"}],"predecessor-version":[{"id":1726,"href":"https:\/\/www.rosenberggard.se\/en\/wp-json\/wp\/v2\/pages\/1721\/revisions\/1726"}],"wp:attachment":[{"href":"https:\/\/www.rosenberggard.se\/en\/wp-json\/wp\/v2\/media?parent=1721"}],"curies":[{"name":"wp","href":"https:\/\/api.w.org\/{rel}","templated":true}]}}